{"id":73,"date":"2025-05-06T10:38:35","date_gmt":"2025-05-06T10:38:35","guid":{"rendered":"https:\/\/werse.put.poznan.pl\/?page_id=73"},"modified":"2025-05-08T09:52:55","modified_gmt":"2025-05-08T09:52:55","slug":"dzialania-zadanie-4","status":"publish","type":"page","link":"https:\/\/werse.put.poznan.pl\/?page_id=73","title":{"rendered":"Dzia\u0142ania &#8211; Zadanie 4"},"content":{"rendered":"\n<p><strong>Dofinansowanie koszt\u00f3w publikacji naukowych<\/strong><\/p>\n\n\n\n<p>Politechnika Pozna\u0144ska zaprasza pracownik\u00f3w do skorzystania z mo\u017cliwo\u015bci finansowania koszt\u00f3w publikacji naukowych realizowanych we wsp\u00f3\u0142pracy z uczelniami partnerskimi sojuszu EUNICE \u2013 European University for Customised Education &#8211; <a href=\"https:\/\/eunice.put.poznan.pl\/uczelnie-partnerskie\">https:\/\/eunice.put.poznan.pl\/uczelnie-partnerskie<\/a>.<\/p>\n\n\n\n<p>Nab\u00f3r prowadzony jest w ramach projektu \u201eWsparcie procesu publikacyjnego w ramach Konsorcjum\u201d (WPP), finansowanego ze \u015brodk\u00f3w programu Fundusze Europejskie dla Rozwoju Spo\u0142ecznego (FERS).<\/p>\n\n\n\n<p>G\u0142\u00f3wnym celem jest zwi\u0119kszenie liczby wsp\u00f3lnych publikacji naukowych, szczeg\u00f3lnie tych powsta\u0142ych z udzia\u0142em partner\u00f3w zagranicznych z uczelni EUNICE, a tak\u017ce upowszechnienie wynik\u00f3w bada\u0144 w modelu Open Access. Program promuje publikowanie w najbardziej presti\u017cowych czasopismach naukowych o wysokiej punktacji i globalnym zasi\u0119gu.<\/p>\n\n\n\n<p>Wsparcie obejmuje koszty publikacji w czasopismach naukowych, kt\u00f3re spe\u0142niaj\u0105 nast\u0119puj\u0105ce kryteria:<\/p>\n\n\n\n<ul class=\"wp-block-list\">\n<li>nale\u017c\u0105 do Q1 lub Q2 wed\u0142ug bazy danych Web of Science (WoS),<\/li>\n\n\n\n<li>posiadaj\u0105 minimum 100 punkt\u00f3w MNiSW (na dzie\u0144 wystawienia faktury), s\u0105 publikowane w otwartym dost\u0119pie (Open Access),<\/li>\n\n\n\n<li>ich wsp\u00f3\u0142autorami musz\u0105 by\u0107 pracownik PP i minimum jeden pracownik z uczelni partnerskiej Uniwersytetu Europejskiego EUNICE<\/li>\n<\/ul>\n\n\n\n<p>W ramach projektu mo\u017cna otrzyma\u0107 dofinansowanie do <strong>13 200 z\u0142 brutto<\/strong> na jedn\u0105 publikacj\u0119.<\/p>\n\n\n\n<p><strong>Nab\u00f3r wniosk\u00f3w jest prowadzony w trybie ci\u0105g\u0142ym \u2013 do wyczerpania \u015brodk\u00f3w lub do 30 wrze\u015bnia 2026 r.<\/strong><\/p>\n\n\n\n<p>Wymagane dokumenty:<\/p>\n\n\n\n<ul class=\"wp-block-list\">\n<li><a href=\"https:\/\/werse.put.poznan.pl\/wp-content\/uploads\/2025\/05\/Zad4-formularz-publikacje-final.docx\" data-type=\"attachment\" data-id=\"90\">Formularz<\/a><\/li>\n\n\n\n<li><a href=\"https:\/\/werse.put.poznan.pl\/wp-content\/uploads\/2025\/05\/Zad4-REGULAMIN-PUBLIKACJE-final.pdf\" data-type=\"attachment\" data-id=\"91\">Regulamin<\/a><\/li>\n<\/ul>\n\n\n\n<p><strong>Dodatkowa szansa na dofinasowanie koszt\u00f3w publikacji\u2013 oferta Uniwersytetu Medycznego w Bia\u0142ymstoku<\/strong><\/p>\n\n\n\n<p>Zach\u0119camy r\u00f3wnie\u017c do zapoznania si\u0119 z ofert\u0105 Uniwersytetu Medycznego w Bia\u0142ymstoku \u2013 partnera stowarzyszonego w ramach sojuszu EUNICE, kt\u00f3ry r\u00f3wnolegle realizuje w\u0142asny program wsparcia publikacji &#8211; <a href=\"https:\/\/www.umb.edu.pl\/s,30881\/Publikacje_naukowe_zad_1\">https:\/\/www.umb.edu.pl\/s,30881\/Publikacje_naukowe_zad_1<\/a><\/p>\n\n\n\n<p>Opiekunka procesu rekrutacji: <\/p>\n\n\n\n<ul class=\"wp-block-list\">\n<li>Joanna Buszkiewicz, Dzia\u0142 ds. Bada\u0144 i Projekt\u00f3w, <a href=\"mailto:joanna.buszkiewicz@put.poznan.pl\" target=\"_blank\" rel=\"noreferrer noopener\">joanna.buszkiewicz@put.poznan.pl<\/a><\/li>\n<\/ul>\n\n\n\n<p><\/p>\n","protected":false},"excerpt":{"rendered":"<p>Dofinansowanie koszt\u00f3w publikacji naukowych Politechnika Pozna\u0144ska zaprasza pracownik\u00f3w do skorzystania z mo\u017cliwo\u015bci finansowania koszt\u00f3w publikacji naukowych realizowanych we wsp\u00f3\u0142pracy z uczelniami partnerskimi sojuszu EUNICE \u2013 European University for Customised Education &#8211; https:\/\/eunice.put.poznan.pl\/uczelnie-partnerskie. Nab\u00f3r prowadzony jest w ramach projektu \u201eWsparcie procesu publikacyjnego w ramach Konsorcjum\u201d (WPP), finansowanego ze \u015brodk\u00f3w programu Fundusze Europejskie dla Rozwoju Spo\u0142ecznego (FERS). [&hellip;]<\/p>\n","protected":false},"author":1,"featured_media":0,"parent":0,"menu_order":0,"comment_status":"closed","ping_status":"closed","template":"","meta":{"footnotes":""},"class_list":["post-73","page","type-page","status-publish","hentry"],"_links":{"self":[{"href":"https:\/\/werse.put.poznan.pl\/index.php?rest_route=\/wp\/v2\/pages\/73","targetHints":{"allow":["GET"]}}],"collection":[{"href":"https:\/\/werse.put.poznan.pl\/index.php?rest_route=\/wp\/v2\/pages"}],"about":[{"href":"https:\/\/werse.put.poznan.pl\/index.php?rest_route=\/wp\/v2\/types\/page"}],"author":[{"embeddable":true,"href":"https:\/\/werse.put.poznan.pl\/index.php?rest_route=\/wp\/v2\/users\/1"}],"replies":[{"embeddable":true,"href":"https:\/\/werse.put.poznan.pl\/index.php?rest_route=%2Fwp%2Fv2%2Fcomments&post=73"}],"version-history":[{"count":7,"href":"https:\/\/werse.put.poznan.pl\/index.php?rest_route=\/wp\/v2\/pages\/73\/revisions"}],"predecessor-version":[{"id":101,"href":"https:\/\/werse.put.poznan.pl\/index.php?rest_route=\/wp\/v2\/pages\/73\/revisions\/101"}],"wp:attachment":[{"href":"https:\/\/werse.put.poznan.pl\/index.php?rest_route=%2Fwp%2Fv2%2Fmedia&parent=73"}],"curies":[{"name":"wp","href":"https:\/\/api.w.org\/{rel}","templated":true}]}}