{"id":67,"date":"2025-05-06T10:37:36","date_gmt":"2025-05-06T10:37:36","guid":{"rendered":"https:\/\/werse.put.poznan.pl\/?page_id=67"},"modified":"2025-10-16T08:13:53","modified_gmt":"2025-10-16T08:13:53","slug":"dzialania-zadanie-1","status":"publish","type":"page","link":"https:\/\/werse.put.poznan.pl\/?page_id=67","title":{"rendered":"Dzia\u0142ania &#8211; Zadanie 1"},"content":{"rendered":"\n<figure class=\"wp-block-image size-large\"><img loading=\"lazy\" decoding=\"async\" width=\"1024\" height=\"655\" src=\"http:\/\/werse.put.poznan.pl\/wp-content\/uploads\/2025\/09\/Kafelek-kursy-jezykowe-WERSE-1500-x-960-px-1024x655.png\" alt=\"\" class=\"wp-image-198\" srcset=\"https:\/\/werse.put.poznan.pl\/wp-content\/uploads\/2025\/09\/Kafelek-kursy-jezykowe-WERSE-1500-x-960-px-1024x655.png 1024w, https:\/\/werse.put.poznan.pl\/wp-content\/uploads\/2025\/09\/Kafelek-kursy-jezykowe-WERSE-1500-x-960-px-300x192.png 300w, https:\/\/werse.put.poznan.pl\/wp-content\/uploads\/2025\/09\/Kafelek-kursy-jezykowe-WERSE-1500-x-960-px-768x492.png 768w, https:\/\/werse.put.poznan.pl\/wp-content\/uploads\/2025\/09\/Kafelek-kursy-jezykowe-WERSE-1500-x-960-px.png 1500w\" sizes=\"auto, (max-width: 1024px) 100vw, 1024px\" \/><\/figure>\n\n\n\n<p>Dzia\u0142 ds. Uniwersytetu Europejskiego og\u0142asza nab\u00f3r na kursy j\u0119zykowe organizowane w ramach projektu \u201eWsp\u00f3\u0142praca i edukacja w ramach sojuszu EUNICE\u201d, finansowanego ze \u015brodk\u00f3w Narodowej Agencji Wymiany Akademickiej w programie \u201eWsparcie sojuszy Uniwersytet\u00f3w Europejskich\u201d. <\/p>\n\n\n\n<p>Oferowane kursy (forma stacjonarna na PP):<\/p>\n\n\n\n<ul class=\"wp-block-list\">\n<li><strong>J\u0119zyk angielski na poziomie B1<\/strong> \u2013 10 miejsc, 30 godzin kursu<\/li>\n\n\n\n<li><strong>J\u0119zyk angielski biznesowy przydatny w realizacji projekt\u00f3w oraz bada\u0144<\/strong> \u2013 10 miejsc, 20 godzin kursu<\/li>\n\n\n\n<li><strong>J\u0119zyk angielski \u2013 prowadzenie nieformalnych spotka\u0144<\/strong> \u2013 10 miejsc, 20 godzin kursu<\/li>\n\n\n\n<li><strong>J\u0119zyk angielski z zakresu realizacji zaj\u0119\u0107 dydaktycznych w mi\u0119dzynarodowym&nbsp; \u015brodowisku<\/strong> \u2013 10 miejsc, 20 godzin kursu<\/li>\n<\/ul>\n\n\n\n<p>Pracownik PP mo\u017ce wzi\u0105\u0107 udzia\u0142 maksymalnie w dw\u00f3ch kursach w ramach danego naboru. <\/p>\n\n\n\n<p>Udzia\u0142 w kursach jest bezp\u0142atny i potwierdzony mikropo\u015bwiadczeniem lub certyfikatem.<\/p>\n\n\n\n<p><strong>Kursy j\u0119zykowe b\u0119d\u0105 prowadzone przez lektor\u00f3w z Centrum J\u0119zyk\u00f3w i Komunikacji, na podstawie opracowanych autorskich materia\u0142\u00f3w dydaktycznych.<\/strong><\/p>\n\n\n\n<p><strong>Kto mo\u017ce aplikowa\u0107?<\/strong> <\/p>\n\n\n\n<p>Pracownicy Politechniki Pozna\u0144skiej (badawczy, badawczo-dydaktyczni oraz administracyjni), zainteresowani rozwojem kompetencji j\u0119zykowych i wsp\u00f3\u0142prac\u0105 mi\u0119dzynarodow\u0105.<\/p>\n\n\n\n<p><strong>Proces rekrutacji<\/strong><\/p>\n\n\n\n<ul class=\"wp-block-list\">\n<li>Wype\u0142nienie i przes\u0142anie formularza aplikacyjnego (<a href=\"https:\/\/werse.put.poznan.pl\/wp-content\/uploads\/2025\/09\/Dz1_new_Zalacznik-nr-1_Formularz-aplikacyjny_stacjonarne-1.docx\" data-type=\"attachment\" data-id=\"205\">Za\u0142\u0105cznik nr 1<\/a> do <a href=\"https:\/\/werse.put.poznan.pl\/wp-content\/uploads\/2025\/10\/Dz1_v3_Regulamin-rekrutacji-kursy-angielskiego-stacjonarne.pdf\" data-type=\"attachment\" data-id=\"222\">Regulaminu<\/a>) w formie elektronicznej na adres: <a href=\"mailto:due@put.poznan.pl\">due@put.poznan.pl<\/a> lub z\u0142o\u017cenie osobi\u015bcie w Biurze Projektu (Dzia\u0142 ds. Uniwersytetu Europejskiego, ul. Piotrowo 5, 61-138 Pozna\u0144).<\/li>\n\n\n\n<li>Obowi\u0105zkowe wykonanie testu poziomuj\u0105cego z j\u0119zyka angielskiego.<\/li>\n\n\n\n<li>Ocena formalna i merytoryczna zg\u0142osze\u0144 przez Komisj\u0119 rekrutacyjn\u0105.<\/li>\n\n\n\n<li>Og\u0142oszenie listy rankingowej zakwalifikowanych os\u00f3b i listy rezerwowej.<\/li>\n<\/ul>\n\n\n\n<p><strong>Termin naboru<\/strong><\/p>\n\n\n\n<p>Formularze aplikacyjne nale\u017cy przes\u0142a\u0107 do dnia 10.10.2025<\/p>\n\n\n\n<p><strong>Kontakt<\/strong><\/p>\n\n\n\n<p>Biuro Projektu \u2013 Dzia\u0142 ds. Uniwersytetu Europejskiego due@put.poznan.pl <\/p>\n\n\n\n<p><em>Kursy s\u0105&nbsp; realizowane zgodnie z za\u0142o\u017ceniami projektu Politechniki Pozna\u0144skiej \u201eWsp\u00f3\u0142praca i edukacja w ramach sojuszu EUNICE\u201d (umowa o dofinansowanie nr BPI\/WUE\/2024\/1\/00016\/U\/00001) finansowanego ze \u015brodk\u00f3w Unii Europejskiej w ramach projektu Narodowej Agencji Wymiany Akademickiej pn. \u201eWsparcie sojuszy Uniwersytet\u00f3w Europejskich\u201d o numerze FERS.01.05-IP.08-0219\/23.<\/em><\/p>\n","protected":false},"excerpt":{"rendered":"<p>Dzia\u0142 ds. Uniwersytetu Europejskiego og\u0142asza nab\u00f3r na kursy j\u0119zykowe organizowane w ramach projektu \u201eWsp\u00f3\u0142praca i edukacja w ramach sojuszu EUNICE\u201d, finansowanego ze \u015brodk\u00f3w Narodowej Agencji Wymiany Akademickiej w programie \u201eWsparcie sojuszy Uniwersytet\u00f3w Europejskich\u201d. Oferowane kursy (forma stacjonarna na PP): Pracownik PP mo\u017ce wzi\u0105\u0107 udzia\u0142 maksymalnie w dw\u00f3ch kursach w ramach danego naboru. Udzia\u0142 w kursach [&hellip;]<\/p>\n","protected":false},"author":1,"featured_media":0,"parent":0,"menu_order":0,"comment_status":"closed","ping_status":"closed","template":"","meta":{"footnotes":""},"class_list":["post-67","page","type-page","status-publish","hentry"],"_links":{"self":[{"href":"https:\/\/werse.put.poznan.pl\/index.php?rest_route=\/wp\/v2\/pages\/67","targetHints":{"allow":["GET"]}}],"collection":[{"href":"https:\/\/werse.put.poznan.pl\/index.php?rest_route=\/wp\/v2\/pages"}],"about":[{"href":"https:\/\/werse.put.poznan.pl\/index.php?rest_route=\/wp\/v2\/types\/page"}],"author":[{"embeddable":true,"href":"https:\/\/werse.put.poznan.pl\/index.php?rest_route=\/wp\/v2\/users\/1"}],"replies":[{"embeddable":true,"href":"https:\/\/werse.put.poznan.pl\/index.php?rest_route=%2Fwp%2Fv2%2Fcomments&post=67"}],"version-history":[{"count":6,"href":"https:\/\/werse.put.poznan.pl\/index.php?rest_route=\/wp\/v2\/pages\/67\/revisions"}],"predecessor-version":[{"id":223,"href":"https:\/\/werse.put.poznan.pl\/index.php?rest_route=\/wp\/v2\/pages\/67\/revisions\/223"}],"wp:attachment":[{"href":"https:\/\/werse.put.poznan.pl\/index.php?rest_route=%2Fwp%2Fv2%2Fmedia&parent=67"}],"curies":[{"name":"wp","href":"https:\/\/api.w.org\/{rel}","templated":true}]}}