{"id":62,"date":"2025-01-10T11:37:56","date_gmt":"2025-01-10T11:37:56","guid":{"rendered":"https:\/\/werse.put.poznan.pl\/?page_id=62"},"modified":"2025-01-10T11:37:56","modified_gmt":"2025-01-10T11:37:56","slug":"zadanie-7","status":"publish","type":"page","link":"https:\/\/werse.put.poznan.pl\/?page_id=62","title":{"rendered":"Zadanie 7"},"content":{"rendered":"\n<p>Realizacja nowoczesnych kurs\u00f3w prowadz\u0105cych do mikropo\u015bwiadcze\u0144, opracowanych w zadaniu 6<\/p>\n\n\n\n<p>W ramach zadania przeprowadzone zostan\u0105 opracowane w zadaniu 6 innowacyjne kursy prowadz\u0105ce do uzyskania mikropo\u015bwiadcze\u0144.<\/p>\n\n\n\n<p>Powo\u0142ane zostan\u0105 3 zespo\u0142y: ds. rekrutacji i reklamy, ds. technicznych oraz ds. walidacji.<\/p>\n\n\n\n<p>Pierwszy zesp\u00f3\u0142 przygotuje materia\u0142y promocyjne i przeprowadzi niezale\u017cn\u0105 dla ka\u017cdego kursu rekrutacj\u0119, na podstawie regulamin\u00f3w uwzgl\u0119dniaj\u0105cych opracowane w zadaniu 6 efekty kszta\u0142cenia i zapewniaj\u0105cych uwzgl\u0119dnienie zasad r\u00f3wno\u015bci szans i niedyskryminacji. W procesie rekrutacji osoby ze specjalnymi potrzebami b\u0119d\u0105 mia\u0142y mo\u017cliwo\u015b\u0107 ich wskazania w celu zapewnienia im wsparcia, ponadto przyznane zostan\u0105 dodatkowe punkty za uwzgl\u0119dnienie proekologicznego podr\u00f3\u017cowania.<\/p>\n\n\n\n<p>Drugi zesp\u00f3\u0142 b\u0119dzie odpowiedzialny za wdro\u017cenie nowoczesnych narz\u0119dzi kszta\u0142cenia i koordynacj\u0119 techniczn\u0105 kurs\u00f3w stacjonarnych i online.<\/p>\n\n\n\n<p>Trzeci zesp\u00f3\u0142 przeprowadzi walidacj\u0119 w oparciu o kryteria opisane we wzorcach podczas rekrutacji. Dzi\u0119ki temu weryfikacji b\u0119d\u0105 podlega\u0107 kompetencje zgodne z opisami przygotowanymi na etapie rekrutacji. Przeprowadzone zostan\u0105 testy ex-post, gdzie ka\u017cdy z test\u00f3w b\u0119dzie uwzgl\u0119dnia\u0142 tylko te kompetencje, kt\u00f3re zostan\u0105 jednoznacznie okre\u015blone na etapie rekrutacji, a jego wyniki zostan\u0105 odniesione do wynik\u00f3w z test\u00f3w ex-ante. W procesie walidacji uwzgl\u0119dnione zostan\u0105 potrzeby os\u00f3b ze szczeg\u00f3lnymi potrzebami (asysta, dodatkowy czas, specjalistyczna aparatura, dostosowanie test\u00f3w np. alfabet Braille\u2019a). Cz\u0142onkami zespo\u0142u nie b\u0119d\u0105 mog\u0142y by\u0107 osoby bior\u0105ce udzia\u0142 w procesie podnoszenia kompetencji przez uczestnik\u00f3w projektu.<\/p>\n\n\n\n<p>W ramach zadania przewiduje si\u0119 organizacj\u0119 10 kurs\u00f3w w 3 r\u00f3\u017cnych formach:<\/p>\n\n\n\n<ul class=\"wp-block-list\">\n<li>&#8211; 3 szko\u0142y letnie (Problemy chorych w starszym wieku jako zagadnienie interdyscyplinarne, Bezpiecze\u0144stwo sieci teleinformatycznych, Kszta\u0142cenie umiej\u0119tno\u015bci mi\u0119kkich) po 15 student\u00f3w;<\/li>\n\n\n\n<li>&#8211; 2 wymiany akademickie z wykorzystaniem infrastruktury Partner\u00f3w: (Bezpiecze\u0144stwo system\u00f3w IoT (z uniwersytetem w Mons) i Biomechaniczna analiza ruchu cz\u0142owieka (z uniwersytetem w Valenciennes)) po 30 student\u00f3w;<\/li>\n\n\n\n<li>&#8211; 5 kurs\u00f3w online (Podstawy uczenia maszynowego i jego zastosowanie w praktyce, Proekologiczne aspekty magazynowania energii, Wprowadzenie do zasad projektowania 3D, Projektowanie protez, Cyberbezpiecze\u0144stwo) po 20 student\u00f3w.<\/li>\n<\/ul>\n\n\n\n<p>Zak\u0142ada si\u0119, \u017ce swoje kompetencje w ramach kurs\u00f3w podniesie 80% student\u00f3w bior\u0105cych w nich udzia\u0142 i 4 przedstawicieli kadry realizuj\u0105cych kursy z wykorzystaniem infrastruktury Partner\u00f3w. Szczeg\u00f3\u0142y znajduj\u0105 si\u0119 w za\u0142\u0105cznikach nr 3 i 4.<\/p>\n\n\n\n<p>Nast\u0119pnie, uzyskane wyniki test\u00f3w zostan\u0105 por\u00f3wnane z przyj\u0119tymi wymaganiami. W przypadku nabycia kompetencji, uczestnik otrzyma dokument zawieraj\u0105cy informacj\u0119 o uzyskanych efektach uczenia si\u0119, odnosz\u0105cych si\u0119 do nabytej kompetencji. Dokumenty b\u0119d\u0105 potwierdza\u0142y, \u017ce walidacja zosta\u0142a przeprowadzona w oparciu o zdefiniowane w efektach uczenia si\u0119 kryteria ich weryfikacji, a tak\u017ce, \u017ce zastosowane rozwi\u0105zania zapewnia\u0142y rozdzielenie proces\u00f3w kszta\u0142cenia i szkolenia od walidacji.<\/p>\n","protected":false},"excerpt":{"rendered":"<p>Realizacja nowoczesnych kurs\u00f3w prowadz\u0105cych do mikropo\u015bwiadcze\u0144, opracowanych w zadaniu 6 W ramach zadania przeprowadzone zostan\u0105 opracowane w zadaniu 6 innowacyjne kursy prowadz\u0105ce do uzyskania mikropo\u015bwiadcze\u0144. Powo\u0142ane zostan\u0105 3 zespo\u0142y: ds. rekrutacji i reklamy, ds. technicznych oraz ds. walidacji. Pierwszy zesp\u00f3\u0142 przygotuje materia\u0142y promocyjne i przeprowadzi niezale\u017cn\u0105 dla ka\u017cdego kursu rekrutacj\u0119, na podstawie regulamin\u00f3w uwzgl\u0119dniaj\u0105cych opracowane [&hellip;]<\/p>\n","protected":false},"author":1,"featured_media":0,"parent":0,"menu_order":0,"comment_status":"closed","ping_status":"closed","template":"","meta":{"footnotes":""},"class_list":["post-62","page","type-page","status-publish","hentry"],"_links":{"self":[{"href":"https:\/\/werse.put.poznan.pl\/index.php?rest_route=\/wp\/v2\/pages\/62","targetHints":{"allow":["GET"]}}],"collection":[{"href":"https:\/\/werse.put.poznan.pl\/index.php?rest_route=\/wp\/v2\/pages"}],"about":[{"href":"https:\/\/werse.put.poznan.pl\/index.php?rest_route=\/wp\/v2\/types\/page"}],"author":[{"embeddable":true,"href":"https:\/\/werse.put.poznan.pl\/index.php?rest_route=\/wp\/v2\/users\/1"}],"replies":[{"embeddable":true,"href":"https:\/\/werse.put.poznan.pl\/index.php?rest_route=%2Fwp%2Fv2%2Fcomments&post=62"}],"version-history":[{"count":1,"href":"https:\/\/werse.put.poznan.pl\/index.php?rest_route=\/wp\/v2\/pages\/62\/revisions"}],"predecessor-version":[{"id":63,"href":"https:\/\/werse.put.poznan.pl\/index.php?rest_route=\/wp\/v2\/pages\/62\/revisions\/63"}],"wp:attachment":[{"href":"https:\/\/werse.put.poznan.pl\/index.php?rest_route=%2Fwp%2Fv2%2Fmedia&parent=62"}],"curies":[{"name":"wp","href":"https:\/\/api.w.org\/{rel}","templated":true}]}}