{"id":58,"date":"2025-01-10T11:31:44","date_gmt":"2025-01-10T11:31:44","guid":{"rendered":"https:\/\/werse.put.poznan.pl\/?page_id=58"},"modified":"2025-01-10T11:31:44","modified_gmt":"2025-01-10T11:31:44","slug":"zadanie-5","status":"publish","type":"page","link":"https:\/\/werse.put.poznan.pl\/?page_id=58","title":{"rendered":"Zadanie 5"},"content":{"rendered":"\n<p><strong>Organizacja mi\u0119dzynarodowej konferencji EUNICE &#8211; Forum Wsp\u00f3\u0142pracy Uniwersytet\u00f3w Europejskich<\/strong><\/p>\n\n\n\n<p>W ramach zadania zostanie zorganizowana dwudniowa konferencja &#8211; &#8222;Forum Wsp\u00f3\u0142pracy Uniwersytet\u00f3w Europejskich&#8221;. Celem b\u0119dzie poznanie i wymiana do\u015bwiadcze\u0144 pomi\u0119dzy kadr\u0105 zaanga\u017cowan\u0105 w dzia\u0142ania Uniwersytet\u00f3w Europejskich na polskich uczelniach, identyfikacja obszar\u00f3w potencjalnej wsp\u00f3\u0142pracy, promowanie wsp\u00f3lnych przedsi\u0119wzi\u0119\u0107 oraz wzmocnienie pozycji PP jako jedynego lidera Uniwersytetu Europejskiego w Polsce. Forum ma by\u0107 przestrzeni\u0105 wymiany praktycznych do\u015bwiadcze\u0144, a tak\u017ce miejscem do zacie\u015bnienia relacji mi\u0119dzy polskimi uniwersytetami b\u0119d\u0105cymi w sojuszach. Przewiduje si\u0119 podczas forum obecno\u015b\u0107 jednostek administracyjnych oraz centralnych.<\/p>\n\n\n\n<p>Na wst\u0119pnym etapie powo\u0142any zostanie komitet organizacyjny forum, w sk\u0142ad kt\u00f3rego b\u0119d\u0105 wchodzili pracownicy: DUE, DWM, Dzia\u0142u Informacji i Promocji i Uczelnianego Centrum Kultury oraz dora\u017anie inne dzia\u0142y jako wsparcie organizacyjne. Komitet b\u0119dzie odpowiedzialny za ca\u0142o\u015bciowe przygotowanie i przeprowadzenie konferencji.<\/p>\n\n\n\n<p>Dzie\u0144 pierwszy b\u0119dzie dniem oficjalnym, podczas kt\u00f3rego przewiduje si\u0119 uczestnictwo . rektor\u00f3w polskich uczelni b\u0119d\u0105cych w sojuszach uniwersytet\u00f3w europejskich, m.in dyrektor\u00f3w departament\u00f3w zwi\u0105zanych ze szkolnictwem wy\u017cszym w Polsce, reprezentant\u00f3w Ministerstwa Nauki i Szkolnictwa Wy\u017cszego, przedstawicieli otoczenia biznesowego, kierownictwa i przedstawicieli NAWA czy przedstawicieli KE. Podczas tego dnia przewiduje si\u0119 szereg paneli dyskusyjnych, kt\u00f3rych tematyka b\u0119dzie porusza\u0142a najbardziej aktualne zagadnienia dotycz\u0105ce Uniwersytet\u00f3w Europejskich, .: wsp\u00f3lne dyplomy, mikropo\u015bwiadczenia, zwi\u0119kszenie mobilno\u015bci w ramach m.in sojuszy, wsp\u00f3\u0142praca z otoczeniem biznesowym, dostosowanie oferty Uniwersytet\u00f3w Europejskich do zmieniaj\u0105cego si\u0119 rynku pracy czy mo\u017cliwo\u015bci dodatkowego finansowania dla sojuszy. Przewiduje si\u0119 tak\u017ce zorganizowanie panelu NAWA. R\u00f3wnolegle do wyst\u0105pie\u0144 panelowych, na terenie budynku, w kt\u00f3rym b\u0119dzie si\u0119 odbywa\u0107 konferencja, przewiduje si\u0119 zorganizowanie stoisk polskich uniwersytet\u00f3w bior\u0105cych udzia\u0142 w sojuszach Uniwersytet\u00f3w Europejskich. Stoiska b\u0119d\u0105 s\u0142u\u017cy\u0107 prezentacji konsorcj\u00f3w, poznaniu si\u0119 os\u00f3b pracuj\u0105cych w dedykowanych Uniwersytetom Europejskim jednostkach oraz nawi\u0105zaniu szerokich kontakt\u00f3w. Przewiduje si\u0119 transmisj\u0119 dnia pierwszego na YouTube PP, aby zwi\u0119kszy\u0107 zasi\u0119g forum.<\/p>\n\n\n\n<p>Dzie\u0144 drugi b\u0119dzie dniem roboczym\/warsztatowym skupionym g\u0142\u00f3wnie wok\u00f3\u0142 kadry administruj\u0105cej projektami wewn\u0105trz swoich jednostek macierzystych. Przewiduje si\u0119 zorganizowanie warsztat\u00f3w, skupionych wok\u00f3\u0142 5 blok\u00f3w tematycznych: (1) Edukacja, (2) Mobilno\u015b\u0107, (3) Promocja, (4) Administracja, (5) Finansowanie. Wynikiem drugiego dnia ma by\u0107 raport ze zbiorem najlepszych praktyk, kluczowymi wnioskami z warsztat\u00f3w oraz pomys\u0142ami na budowanie wsp\u00f3lnego zaplecza (np. \u0142\u0105czenie si\u0119 w komitety \/zespo\u0142y robocze)<\/p>\n","protected":false},"excerpt":{"rendered":"<p>Organizacja mi\u0119dzynarodowej konferencji EUNICE &#8211; Forum Wsp\u00f3\u0142pracy Uniwersytet\u00f3w Europejskich W ramach zadania zostanie zorganizowana dwudniowa konferencja &#8211; &#8222;Forum Wsp\u00f3\u0142pracy Uniwersytet\u00f3w Europejskich&#8221;. Celem b\u0119dzie poznanie i wymiana do\u015bwiadcze\u0144 pomi\u0119dzy kadr\u0105 zaanga\u017cowan\u0105 w dzia\u0142ania Uniwersytet\u00f3w Europejskich na polskich uczelniach, identyfikacja obszar\u00f3w potencjalnej wsp\u00f3\u0142pracy, promowanie wsp\u00f3lnych przedsi\u0119wzi\u0119\u0107 oraz wzmocnienie pozycji PP jako jedynego lidera Uniwersytetu Europejskiego w Polsce. [&hellip;]<\/p>\n","protected":false},"author":1,"featured_media":0,"parent":0,"menu_order":0,"comment_status":"closed","ping_status":"closed","template":"","meta":{"footnotes":""},"class_list":["post-58","page","type-page","status-publish","hentry"],"_links":{"self":[{"href":"https:\/\/werse.put.poznan.pl\/index.php?rest_route=\/wp\/v2\/pages\/58","targetHints":{"allow":["GET"]}}],"collection":[{"href":"https:\/\/werse.put.poznan.pl\/index.php?rest_route=\/wp\/v2\/pages"}],"about":[{"href":"https:\/\/werse.put.poznan.pl\/index.php?rest_route=\/wp\/v2\/types\/page"}],"author":[{"embeddable":true,"href":"https:\/\/werse.put.poznan.pl\/index.php?rest_route=\/wp\/v2\/users\/1"}],"replies":[{"embeddable":true,"href":"https:\/\/werse.put.poznan.pl\/index.php?rest_route=%2Fwp%2Fv2%2Fcomments&post=58"}],"version-history":[{"count":1,"href":"https:\/\/werse.put.poznan.pl\/index.php?rest_route=\/wp\/v2\/pages\/58\/revisions"}],"predecessor-version":[{"id":59,"href":"https:\/\/werse.put.poznan.pl\/index.php?rest_route=\/wp\/v2\/pages\/58\/revisions\/59"}],"wp:attachment":[{"href":"https:\/\/werse.put.poznan.pl\/index.php?rest_route=%2Fwp%2Fv2%2Fmedia&parent=58"}],"curies":[{"name":"wp","href":"https:\/\/api.w.org\/{rel}","templated":true}]}}