{"id":56,"date":"2025-01-10T11:29:32","date_gmt":"2025-01-10T11:29:32","guid":{"rendered":"https:\/\/werse.put.poznan.pl\/?page_id=56"},"modified":"2025-01-10T11:29:32","modified_gmt":"2025-01-10T11:29:32","slug":"zadanie-4","status":"publish","type":"page","link":"https:\/\/werse.put.poznan.pl\/?page_id=56","title":{"rendered":"Zadanie 4"},"content":{"rendered":"\n<p><strong>Wsparcie procesu publikacyjnego w ramach Konsorcjum<\/strong><\/p>\n\n\n\n<p>W ramach zadania wsparty zostanie proces prowadzenia bada\u0144 naukowych oraz przygotowania i upowszechniania wsp\u00f3lnych publikacji naukowych w obr\u0119bie Uniwersytetu Europejskiego EUNICE poprzez op\u0142acanie publikacji w uznanych mi\u0119dzynarodowych czasopismach (Open Access) z listy MNiSW (min. 100 pkt.).<\/p>\n\n\n\n<p>Z ko\u0144cem roku 2024 zako\u0144czy si\u0119 finansowany w ramach programu Horyzont2020 realizowany w obr\u0119bie sojuszu projekt REUNICE (Research with and for society in EUNICE). Projekt ten ma na celu . zbudowanie wsp\u00f3\u0142pracy naukowej w ramach sojuszu oraz wsp\u00f3\u0142prac\u0119 z otoczeniem spo\u0142eczno-gospodarczym, a tak\u017ce rozw\u00f3j m.in m\u0142odych utalentowanych naukowc\u00f3w. Ponadto w ramach projektu REUNICE powsta\u0142a platforma u\u0142atwiaj\u0105ca pozyskiwanie os\u00f3b do realizacji bada\u0144 naukowych i tworzenia wsp\u00f3lnych wniosk\u00f3w grantowych w ramach EUNICE ( ). Dzi\u0119ki temu oraz dzi\u0119ki zbudowanym relacjom i zrealizowanym wsp\u00f3lnie projektom, www.catalyst.uwasa.fi obserwowany jest trend do nawi\u0105zywania coraz wi\u0119kszej liczby wsp\u00f3\u0142prac w obszarze naukowym pomi\u0119dzy Partnerami. Jednocze\u015bnie dystrybucja \u015brodk\u00f3w z dotacji ministerialnych na prowadzenie bada\u0144 naukowych w uczelniach kierowana jest bezpo\u015brednio do wydzia\u0142\u00f3w, kt\u00f3re te badania realizuj\u0105. W zwi\u0105zku z tym DUE nie posiada \u015brodk\u00f3w na wsparcie procesu publikacyjnego wynikaj\u0105cego z nawi\u0105zanych w sojuszu wsp\u00f3\u0142prac. Ponadto w ramach projektu EUNICE4U nie zosta\u0142y zarezerwowane \u015brodki na cele zwi\u0105zane ze wsparciem publikacji naukowych.<\/p>\n\n\n\n<p>Co za tym idzie, pozyskanie \u015brodk\u00f3w umo\u017cliwiaj\u0105cych dokonanie op\u0142at publikacyjnych w znacz\u0105cym stopniu przyczyni si\u0119 do rozwoju ca\u0142ego Uniwersytetu Europejskiego i zach\u0119ci naukowc\u00f3w do realizacji wsp\u00f3lnych bada\u0144. Osoby prowadz\u0105ce badania w rozproszonym \u015brodowisku b\u0119d\u0105 mog\u0142y wykorzysta\u0107 te \u015brodki na wsp\u00f3lne publikacje sygnowane wsp\u00f3\u0142prac\u0105 w obr\u0119bie sojuszu \u2013 w ramach regulaminu wsparcia zawarta zostanie konieczno\u015b\u0107 uwzgl\u0119dnienia minimum 1 Partnera w ka\u017cdej ze wspartych publikacji.<\/p>\n\n\n\n<p>Aby osi\u0105gn\u0105\u0107 za\u0142o\u017cone w zadaniu cele, na wst\u0119pnym etapie powo\u0142any zostanie koordynator posiadaj\u0105cy do\u015bwiadczenie w realizacji bada\u0144 i projekt\u00f3w, kt\u00f3ry opracuje regulamin oraz kampani\u0119 promocyjn\u0105. Nast\u0119pnie prowadzona b\u0119dzie sta\u0142a rekrutacja, umo\u017cliwiaj\u0105ca aplikowanie o \u015brodki na rzecz op\u0142at za publikacje tworzone w zespo\u0142ach pracownik\u00f3w sojuszu. W procesie rekrutacji uwzgl\u0119dniona zostanie zasada r\u00f3wno\u015bci szans i niedyskryminacji, w tym dost\u0119pno\u015bci dla os\u00f3b o szczeg\u00f3lnych potrzebach, a tak\u017ce z uwzgl\u0119dnieniem zasady r\u00f3wno\u015bci szans kobiet i m\u0119\u017cczyzn przeciwdzia\u0142aj\u0105c wszelkim formom dyskryminacji. Zak\u0142ada si\u0119 wsparcie dla 8 publikacji z niepowtarzaj\u0105cymi si\u0119 autorami, tak, aby jak najwi\u0119cej os\u00f3b mog\u0142o uczestniczy\u0107 w realizacji zadania.<\/p>\n\n\n\n<p>\u015arodki na wsparcie publikacji w uznanych czasopismach mi\u0119dzynarodowych publikuj\u0105cych w wolnym dost\u0119pie znacz\u0105co przyczyni\u0105 si\u0119 do zwi\u0119kszenia zdolno\u015bci instytucjonalnej potrzebnej do budowania partnerstw mi\u0119dzynarodowych, a tak\u017ce wzmocnienia pozycji PP w wymiarze mi\u0119dzynarodowym.<\/p>\n","protected":false},"excerpt":{"rendered":"<p>Wsparcie procesu publikacyjnego w ramach Konsorcjum W ramach zadania wsparty zostanie proces prowadzenia bada\u0144 naukowych oraz przygotowania i upowszechniania wsp\u00f3lnych publikacji naukowych w obr\u0119bie Uniwersytetu Europejskiego EUNICE poprzez op\u0142acanie publikacji w uznanych mi\u0119dzynarodowych czasopismach (Open Access) z listy MNiSW (min. 100 pkt.). Z ko\u0144cem roku 2024 zako\u0144czy si\u0119 finansowany w ramach programu Horyzont2020 realizowany w [&hellip;]<\/p>\n","protected":false},"author":1,"featured_media":0,"parent":0,"menu_order":0,"comment_status":"closed","ping_status":"closed","template":"","meta":{"footnotes":""},"class_list":["post-56","page","type-page","status-publish","hentry"],"_links":{"self":[{"href":"https:\/\/werse.put.poznan.pl\/index.php?rest_route=\/wp\/v2\/pages\/56","targetHints":{"allow":["GET"]}}],"collection":[{"href":"https:\/\/werse.put.poznan.pl\/index.php?rest_route=\/wp\/v2\/pages"}],"about":[{"href":"https:\/\/werse.put.poznan.pl\/index.php?rest_route=\/wp\/v2\/types\/page"}],"author":[{"embeddable":true,"href":"https:\/\/werse.put.poznan.pl\/index.php?rest_route=\/wp\/v2\/users\/1"}],"replies":[{"embeddable":true,"href":"https:\/\/werse.put.poznan.pl\/index.php?rest_route=%2Fwp%2Fv2%2Fcomments&post=56"}],"version-history":[{"count":1,"href":"https:\/\/werse.put.poznan.pl\/index.php?rest_route=\/wp\/v2\/pages\/56\/revisions"}],"predecessor-version":[{"id":57,"href":"https:\/\/werse.put.poznan.pl\/index.php?rest_route=\/wp\/v2\/pages\/56\/revisions\/57"}],"wp:attachment":[{"href":"https:\/\/werse.put.poznan.pl\/index.php?rest_route=%2Fwp%2Fv2%2Fmedia&parent=56"}],"curies":[{"name":"wp","href":"https:\/\/api.w.org\/{rel}","templated":true}]}}