{"id":54,"date":"2025-01-10T11:13:46","date_gmt":"2025-01-10T11:13:46","guid":{"rendered":"https:\/\/werse.put.poznan.pl\/?page_id=54"},"modified":"2025-01-10T11:13:46","modified_gmt":"2025-01-10T11:13:46","slug":"zadanie-3","status":"publish","type":"page","link":"https:\/\/werse.put.poznan.pl\/?page_id=54","title":{"rendered":"Zadanie 3"},"content":{"rendered":"\n<p><strong>Tworzenie mi\u0119dzynarodowych zespo\u0142\u00f3w dzia\u0142aj\u0105cych na rzecz Konsorcjum<\/strong><\/p>\n\n\n\n<p>W ramach zadania przewidywane s\u0105 2 aktywno\u015bci: (1) usieciowienie w celu budowy mi\u0119dzynarodowych zespo\u0142\u00f3w administracyjno-technicznych EUNICE, (2) organizacja sta\u017cy dla pracownik\u00f3w EUNICE w celu podniesienia kompetencji.<\/p>\n\n\n\n<p>W projekcie EUNICE spotkania odbywaj\u0105 si\u0119 na poziomie grup roboczych realizuj\u0105cych zadania i cia\u0142 zarz\u0105dczych. Podejmowane ustalenia wykonywane s\u0105 . na m.in poziomie pracownik\u00f3w administracyjno-technicznych, takich jak dzia\u0142y finansowe, wsp\u00f3\u0142pracy mi\u0119dzynarodowej, IT. Wi\u0105\u017ce si\u0119 to z potrzeb\u0105 wsp\u00f3\u0142pracy pomi\u0119dzy osobami, kt\u00f3re w ramach projektu EUNICE4U s\u0105 jedynie wsparciem lokalnym ka\u017cdej z uczelni. Ponadto osoby te anga\u017cowane s\u0105 w inne wsp\u00f3lne projekty Partner\u00f3w, umo\u017cliwiaj\u0105ce wzrost mobilno\u015bci, realizacj\u0119 wsp\u00f3lnych bada\u0144 naukowych i program\u00f3w kszta\u0142cenia.<\/p>\n\n\n\n<p>W zwi\u0105zku z tym, w ramach 1 aktywno\u015bci, koordynator &#8211; przy wsp\u00f3\u0142pracy z Partnerami &#8211; wytypuje osoby, kt\u00f3rych usieciowienie jest kluczowe dla szybszego rozwoju EUNICE. Nast\u0119pnie, w celu budowy trzech mi\u0119dzynarodowych zespo\u0142\u00f3w administracyjno-technicznych, zorganizuje 3 spotkania w formie stacjonarnej na PP. Ka\u017cde ze spotka\u0144 b\u0119dzie trwa\u0142o 5 dni, podczas kt\u00f3rych osoby realizuj\u0105ce na swoich uczelniach podobne aktywno\u015bci b\u0119d\u0105 mog\u0142y dzieli\u0107 si\u0119 do\u015bwiadczeniami i wypracowywa\u0107 najlepsze praktyki w ramach workshopu i rozwi\u0105zywania studium przypadku. Spotkania b\u0119d\u0105 nadzorowane i obserwowane przez niezale\u017cnych ekspert\u00f3w. Podczas spotka\u0144 przewidywane s\u0105 tak\u017ce kr\u00f3tkie szkolenia dedykowane konkretnym grupom, realizowane przez pracownik\u00f3w PP (administracja finansami w projektach NAWA i KE, cyberbezpiecze\u0144stwo w administracji i przy przetwarzaniu danych osobowych, realizacja wyjazd\u00f3w ze \u015brodk\u00f3w NAWA i KE, wsp\u00f3\u0142dzielenie infrastruktury technicznej). Przed i po szkoleniach przeprowadzone zostan\u0105 testy ewaluacyjne przygotowane przez niezale\u017cnych konsultant\u00f3w. Ka\u017cde spotkanie zako\u0144czy si\u0119 przygotowaniem raportu. Stanie si\u0119 to kamieniem w\u0119gielnym budowy administracji dla ca\u0142ego Konsorcjum, nadzorowanej przez AISBL i przyczyni do podniesienia kompetencji pracownik\u00f3w.<\/p>\n\n\n\n<p>W ramach drugiej aktywno\u015bci, koordynator &#8211; przy wsp\u00f3\u0142pracy z Partnerami &#8211; zorganizuje tygodniowe sta\u017ce w zespo\u0142ach wykonuj\u0105cych poszczeg\u00f3lne zadania w ramach projektu EUNICE4U. Pozwoli to na zacie\u015bnienie wsp\u00f3\u0142pracy i przyspieszenie adaptacji nowych Partner\u00f3w. Przewiduje si\u0119 9 sta\u017cy (po jednym dla ka\u017cdego Partnera) zrealizowanych na PP oraz 9 sta\u017cy wyjazdowych dla pracownik\u00f3w PP u Partner\u00f3w. Mobilno\u015bci podnios\u0105 kompetencje, dzi\u0119ki zapoznaniu si\u0119 z oprogramowaniem i narz\u0119dziami wykorzystywanymi u Partner\u00f3w, poznaniem technik pracy przez job shadowing.<\/p>\n\n\n\n<p>Realizacja zadania przyczyni si\u0119 do intensyfikacji wymiany akademickiej dzi\u0119ki mi\u0119dzynarodowej wsp\u00f3\u0142pracy, zwi\u0119kszenia zdolno\u015bci instytucjonalnej potrzebnej do budowania partnerstw mi\u0119dzynarodowych i wzmocnienie pozycji PP w wymiarze mi\u0119dzynarodowym.<\/p>\n","protected":false},"excerpt":{"rendered":"<p>Tworzenie mi\u0119dzynarodowych zespo\u0142\u00f3w dzia\u0142aj\u0105cych na rzecz Konsorcjum W ramach zadania przewidywane s\u0105 2 aktywno\u015bci: (1) usieciowienie w celu budowy mi\u0119dzynarodowych zespo\u0142\u00f3w administracyjno-technicznych EUNICE, (2) organizacja sta\u017cy dla pracownik\u00f3w EUNICE w celu podniesienia kompetencji. W projekcie EUNICE spotkania odbywaj\u0105 si\u0119 na poziomie grup roboczych realizuj\u0105cych zadania i cia\u0142 zarz\u0105dczych. Podejmowane ustalenia wykonywane s\u0105 . na m.in [&hellip;]<\/p>\n","protected":false},"author":1,"featured_media":0,"parent":0,"menu_order":0,"comment_status":"closed","ping_status":"closed","template":"","meta":{"footnotes":""},"class_list":["post-54","page","type-page","status-publish","hentry"],"_links":{"self":[{"href":"https:\/\/werse.put.poznan.pl\/index.php?rest_route=\/wp\/v2\/pages\/54","targetHints":{"allow":["GET"]}}],"collection":[{"href":"https:\/\/werse.put.poznan.pl\/index.php?rest_route=\/wp\/v2\/pages"}],"about":[{"href":"https:\/\/werse.put.poznan.pl\/index.php?rest_route=\/wp\/v2\/types\/page"}],"author":[{"embeddable":true,"href":"https:\/\/werse.put.poznan.pl\/index.php?rest_route=\/wp\/v2\/users\/1"}],"replies":[{"embeddable":true,"href":"https:\/\/werse.put.poznan.pl\/index.php?rest_route=%2Fwp%2Fv2%2Fcomments&post=54"}],"version-history":[{"count":1,"href":"https:\/\/werse.put.poznan.pl\/index.php?rest_route=\/wp\/v2\/pages\/54\/revisions"}],"predecessor-version":[{"id":55,"href":"https:\/\/werse.put.poznan.pl\/index.php?rest_route=\/wp\/v2\/pages\/54\/revisions\/55"}],"wp:attachment":[{"href":"https:\/\/werse.put.poznan.pl\/index.php?rest_route=%2Fwp%2Fv2%2Fmedia&parent=54"}],"curies":[{"name":"wp","href":"https:\/\/api.w.org\/{rel}","templated":true}]}}