{"id":52,"date":"2025-01-10T11:12:00","date_gmt":"2025-01-10T11:12:00","guid":{"rendered":"https:\/\/werse.put.poznan.pl\/?page_id=52"},"modified":"2025-01-10T11:12:00","modified_gmt":"2025-01-10T11:12:00","slug":"zadanie-2","status":"publish","type":"page","link":"https:\/\/werse.put.poznan.pl\/?page_id=52","title":{"rendered":"Zadanie 2"},"content":{"rendered":"\n<p><strong>Wsparcie dzia\u0142a\u0144 Uniwersytetu Europejskiego EUNICE poprzez podniesienie kompetencji i jako\u015bci kadry PP<\/strong><\/p>\n\n\n\n<p>Koordynator zadania dokona analizy przeprowadzonych ankiet i wywiad\u00f3w z pracownikami. Nast\u0119pnie dokona analizy rynku, maj\u0105cej na celu wy\u0142onienie kurs\u00f3w i certyfikacji, kt\u00f3re w najwi\u0119kszym stopniu b\u0119d\u0105 odpowiada\u0142y potrzebom os\u00f3b zaanga\u017cowanych w rozw\u00f3j EUNICE po stronie PP. Kluczowymi aspektami uwzgl\u0119dnianymi w procesie wyboru szkole\u0144 b\u0119dzie ich zawarto\u015b\u0107 merytoryczna oraz rozpoznawalno\u015b\u0107. Na podstawie przeprowadzonej analizy, z zachowaniem wszystkich zasad formalnych w porozumieniu z Dzia\u0142em Zam\u00f3wie\u0144 Publicznych, koordynator przeprowadzi procedur\u0119 zakupu szkole\u0144 realizowanych przez zewn\u0119trzne o\u015brodki. W przypadku kurs\u00f3w prowadz\u0105cych do podniesienia kwalifikacji wybrane zostan\u0105 o\u015brodki akredytowane, posiadaj\u0105ce certyfikowanych specjalist\u00f3w i przeprowadzaj\u0105ce oficjalne egzaminy. W pozosta\u0142ych przypadkach przeprowadzone zostan\u0105 testy ex-ante i ex post.<\/p>\n\n\n\n<p>Zesp\u00f3\u0142 ds. rekrutacji przygotuje regulamin udzia\u0142u w kursach z zachowaniem wymaga\u0144 formalnych i wy\u0142oni uczestnik\u00f3w zgodnie z zasadami r\u00f3wnych szans i niedyskryminacji, uwzgl\u0119dniaj\u0105c jednocze\u015bnie ich zaanga\u017cowanie i stanowisko w ramach EUNICE.<\/p>\n\n\n\n<p>Szkolenia b\u0119d\u0105 kierowane do w\u0105skiego grona specjalist\u00f3w odpowiedzialnych za rozw\u00f3j EUNICE (18 os.) przez pozyskiwanie dodatkowych grant\u00f3w i b\u0119d\u0105cych liderami zada\u0144 lub zasiadaj\u0105cych w kluczowych gremiach (Board of Directors, IT Board, Project Management Team). W zwi\u0105zku z tym, w kilku kursach uczestniczy\u0107 b\u0119d\u0105 te same osoby podnosz\u0105c kompetencje i kwalifikacje.<\/p>\n\n\n\n<p>Na potrzeby kalkulacji bud\u017cetu uwzgl\u0119dnione zosta\u0142y szkolenia z zakresu zarz\u0105dzania projektami zgodnie z metodyk\u0105 Prince2 (2 kursy, dla \u0142\u0105cznie 14 os.) stosowan\u0105 w EUNICE4U i metodyk\u0105 PM2 (dla 10 os.) opracowan\u0105 przez Komisj\u0119 Europejsk\u0105. Ponadto uwzgl\u0119dniono szkolenia z my\u015blenia projektowego (2 kursy dla \u0142\u0105cznie 20 os.), wyst\u0105pie\u0144 publicznych (2 kursy dla \u0142\u0105cznie 10 os.), zarz\u0105dzania i motywowania zespo\u0142\u00f3w (2 kursy dla \u0142\u0105cznie 8 os.), zarz\u0105dzenie i budowanie marki (2 os.). Dodatkowo za\u0142o\u017cono udzia\u0142 w kursie dotycz\u0105cym stosowania r\u00f3wno\u015bci szans i niedyskryminacji zgodnie z dyrektywami KE (dla 2 os.). Dzi\u0119ki pozyskanym kompetencjom uczestnicy kurs\u00f3w b\u0119d\u0105 wspiera\u0107 rozw\u00f3j EUNICE, pozyskiwanie nowych grant\u00f3w i realizacj\u0119 wszystkich zaplanowanych dzia\u0142a\u0144 i aktywno\u015bci wraz z uwzgl\u0119dnieniem inkluzywno\u015bci. W przysz\u0142o\u015bci zaanga\u017cuj\u0105 si\u0119 w budow\u0119 dedykowanej kom\u00f3rki EUNICE dzia\u0142aj\u0105cej na rzecz projekt\u00f3w.<\/p>\n\n\n\n<p>\u015arodki zarezerwowane na wykonanie tego zadania umo\u017cliwi\u0105 zakup renomowanych szkole\u0144 i uzyskanie certyfikacji. Przyczyni si\u0119 to w znacz\u0105cym stopniu do zwi\u0119kszenia zdolno\u015bci instytucjonalnej potrzebnej do budowy partnerstw mi\u0119dzynarodowych, wzmocnienia pozycji PP w wymiarze mi\u0119dzynarodowym i jako Lidera EUNICE, a tak\u017ce zdolno\u015bci zarz\u0105dzania Konsorcjum i pozyskiwania nowych projekt\u00f3w poprzez posiadanie wykwalifikowanej kadry.<\/p>\n","protected":false},"excerpt":{"rendered":"<p>Wsparcie dzia\u0142a\u0144 Uniwersytetu Europejskiego EUNICE poprzez podniesienie kompetencji i jako\u015bci kadry PP Koordynator zadania dokona analizy przeprowadzonych ankiet i wywiad\u00f3w z pracownikami. Nast\u0119pnie dokona analizy rynku, maj\u0105cej na celu wy\u0142onienie kurs\u00f3w i certyfikacji, kt\u00f3re w najwi\u0119kszym stopniu b\u0119d\u0105 odpowiada\u0142y potrzebom os\u00f3b zaanga\u017cowanych w rozw\u00f3j EUNICE po stronie PP. Kluczowymi aspektami uwzgl\u0119dnianymi w procesie wyboru szkole\u0144 [&hellip;]<\/p>\n","protected":false},"author":1,"featured_media":0,"parent":0,"menu_order":0,"comment_status":"closed","ping_status":"closed","template":"","meta":{"footnotes":""},"class_list":["post-52","page","type-page","status-publish","hentry"],"_links":{"self":[{"href":"https:\/\/werse.put.poznan.pl\/index.php?rest_route=\/wp\/v2\/pages\/52","targetHints":{"allow":["GET"]}}],"collection":[{"href":"https:\/\/werse.put.poznan.pl\/index.php?rest_route=\/wp\/v2\/pages"}],"about":[{"href":"https:\/\/werse.put.poznan.pl\/index.php?rest_route=\/wp\/v2\/types\/page"}],"author":[{"embeddable":true,"href":"https:\/\/werse.put.poznan.pl\/index.php?rest_route=\/wp\/v2\/users\/1"}],"replies":[{"embeddable":true,"href":"https:\/\/werse.put.poznan.pl\/index.php?rest_route=%2Fwp%2Fv2%2Fcomments&post=52"}],"version-history":[{"count":1,"href":"https:\/\/werse.put.poznan.pl\/index.php?rest_route=\/wp\/v2\/pages\/52\/revisions"}],"predecessor-version":[{"id":53,"href":"https:\/\/werse.put.poznan.pl\/index.php?rest_route=\/wp\/v2\/pages\/52\/revisions\/53"}],"wp:attachment":[{"href":"https:\/\/werse.put.poznan.pl\/index.php?rest_route=%2Fwp%2Fv2%2Fmedia&parent=52"}],"curies":[{"name":"wp","href":"https:\/\/api.w.org\/{rel}","templated":true}]}}