{"id":50,"date":"2025-01-10T11:06:15","date_gmt":"2025-01-10T11:06:15","guid":{"rendered":"https:\/\/werse.put.poznan.pl\/?page_id=50"},"modified":"2025-01-10T11:06:15","modified_gmt":"2025-01-10T11:06:15","slug":"zadanie-1","status":"publish","type":"page","link":"https:\/\/werse.put.poznan.pl\/?page_id=50","title":{"rendered":"Zadanie 1"},"content":{"rendered":"\n<p><strong>Opracowanie nowoczesnych materia\u0142\u00f3w szkoleniowych i realizacja szkole\u0144 na rzecz Partner\u00f3w<\/strong><\/p>\n\n\n\n<p>W ramach zadania wy\u0142onione zostan\u0105 osoby odpowiedzialne za przygotowanie materia\u0142\u00f3w dydaktycznych w zakresie realizacji bada\u0144 naukowych i kszta\u0142cenia w mi\u0119dzynarodowym \u015brodowisku. Opracowane materia\u0142y b\u0119d\u0105 uniwersalne i b\u0119d\u0105 uwzgl\u0119dnia\u0142y zar\u00f3wno r\u00f3\u017cnice wynikaj\u0105ce z mi\u0119dzykulturowo\u015bci typowej dla kraj\u00f3w partnerskich EUNICE jak i potrzeby r\u00f3\u017cnych grup spo\u0142ecznych, mniejszo\u015bci, a tak\u017ce os\u00f3b ze szczeg\u00f3lnymi potrzebami. Wszystkie materia\u0142y zostan\u0105 opracowane zgodnie ze standardem WCAG 2.1.<br>W ramach zadania przewidziane jest opracowanie 4 kurs\u00f3w w j\u0119zyku angielskim, w ka\u017cdym z nich we\u017amie udzia\u0142 10 os. w trybie stacjonarnym (pracownicy PP) oraz 20 os\u00f3b online (pracownicy sojuszu EUNICE). Pierwszy z kurs\u00f3w b\u0119dzie obejmowa\u0142 30h podstaw j\u0119zyka (poziom B1). Ponadto zrealizowane zostan\u0105 20h kursy z zakresu j\u0119zyka biznesowego przydatnego w realizacji projekt\u00f3w oraz bada\u0144, z zakresu prowadzenia nieformalnych spotka\u0144 i realizacji zaj\u0119\u0107 dydaktycznych w mi\u0119dzynarodowym \u015brodowisku.<br>Nast\u0119pnie powo\u0142ane zostan\u0105 2 zespo\u0142y. Pierwszy ds. weryfikacji opracowanych tre\u015bci i walidacji kompetencji oraz drugi ds. rekrutacji i reklamy. Zespo\u0142y te w porozumieniu zadbaj\u0105 o realizacj\u0119 wszystkich 4 etap\u00f3w nabywania kompetencji. Pierwszy zesp\u00f3\u0142 zweryfikuje tre\u015bci z punktu widzenia merytorycznego i przygotuje testy ex-ante i ex-post odpowiadaj\u0105ce nabywanym kompetencjom oraz oceni materia\u0142y pod k\u0105tem spe\u0142niania wymog\u00f3w WCAG 2.1. Drugi zesp\u00f3\u0142 przygotuje materia\u0142y promocyjne w postaci ulotek i materia\u0142\u00f3w w mediach spo\u0142eczno\u015bciowych EUNICE. Opracuje r\u00f3wnie\u017c regulaminy rekrutacji dla ka\u017cdego z kurs\u00f3w, dbaj\u0105c aby rekrutacja odbywa\u0142a si\u0119 z zapewnieniem zasad r\u00f3wno\u015bci szans i niedyskryminacji, w tym dost\u0119pno\u015bci dla os\u00f3b o szczeg\u00f3lnych potrzebach, a tak\u017ce uwzgl\u0119dnieniem zasady r\u00f3wno\u015bci szans kobiet i m\u0119\u017cczyzn przeciwdzia\u0142aj\u0105c wszelkim formom dyskryminacji. W procesie rekrutacji osoby ze specjalnymi potrzebami b\u0119d\u0105 mia\u0142y mo\u017cliwo\u015b\u0107 ich wskazania.<br>Zespo\u0142y opracuj\u0105 wymagania w zakresie efekt\u00f3w uczenia si\u0119, kt\u00f3re powinni osi\u0105gn\u0105\u0107 uczestnicy w wyniku podj\u0119tych dzia\u0142a\u0144 (wraz z informacjami o kryteriach i metodach weryfikacji tych efekt\u00f3w). Zapewni to rozdzielenie procesu kszta\u0142cenia i szkolenia od walidacji w celu zachowania wymaga\u0144 formalnych. Wszystkie osoby bior\u0105ce udzia\u0142 w kursach wype\u0142ni\u0105 ankiety satysfakcji.<br>Wszystkie materia\u0142y zostan\u0105 umieszczone na platformie e-learningowej.<br>Ca\u0142o\u015b\u0107 realizacji zadania przyczyni si\u0119 do wzrostu jako\u015bci kszta\u0142cenia dzi\u0119ki rozwi\u0105zaniom wypracowanym w ramach partnerstwa, a tak\u017ce prze\u0142o\u017cy si\u0119 na wzrost liczby wykorzystanych nowoczesnych materia\u0142\u00f3w dydaktycznych, szkoleniowych. Ponadto przyczyni si\u0119 do wzrostu liczby os\u00f3b, kt\u00f3re naby\u0142y kompetencje. <\/p>\n","protected":false},"excerpt":{"rendered":"<p>Opracowanie nowoczesnych materia\u0142\u00f3w szkoleniowych i realizacja szkole\u0144 na rzecz Partner\u00f3w W ramach zadania wy\u0142onione zostan\u0105 osoby odpowiedzialne za przygotowanie materia\u0142\u00f3w dydaktycznych w zakresie realizacji bada\u0144 naukowych i kszta\u0142cenia w mi\u0119dzynarodowym \u015brodowisku. Opracowane materia\u0142y b\u0119d\u0105 uniwersalne i b\u0119d\u0105 uwzgl\u0119dnia\u0142y zar\u00f3wno r\u00f3\u017cnice wynikaj\u0105ce z mi\u0119dzykulturowo\u015bci typowej dla kraj\u00f3w partnerskich EUNICE jak i potrzeby r\u00f3\u017cnych grup spo\u0142ecznych, mniejszo\u015bci, [&hellip;]<\/p>\n","protected":false},"author":1,"featured_media":0,"parent":0,"menu_order":0,"comment_status":"closed","ping_status":"closed","template":"","meta":{"footnotes":""},"class_list":["post-50","page","type-page","status-publish","hentry"],"_links":{"self":[{"href":"https:\/\/werse.put.poznan.pl\/index.php?rest_route=\/wp\/v2\/pages\/50","targetHints":{"allow":["GET"]}}],"collection":[{"href":"https:\/\/werse.put.poznan.pl\/index.php?rest_route=\/wp\/v2\/pages"}],"about":[{"href":"https:\/\/werse.put.poznan.pl\/index.php?rest_route=\/wp\/v2\/types\/page"}],"author":[{"embeddable":true,"href":"https:\/\/werse.put.poznan.pl\/index.php?rest_route=\/wp\/v2\/users\/1"}],"replies":[{"embeddable":true,"href":"https:\/\/werse.put.poznan.pl\/index.php?rest_route=%2Fwp%2Fv2%2Fcomments&post=50"}],"version-history":[{"count":1,"href":"https:\/\/werse.put.poznan.pl\/index.php?rest_route=\/wp\/v2\/pages\/50\/revisions"}],"predecessor-version":[{"id":51,"href":"https:\/\/werse.put.poznan.pl\/index.php?rest_route=\/wp\/v2\/pages\/50\/revisions\/51"}],"wp:attachment":[{"href":"https:\/\/werse.put.poznan.pl\/index.php?rest_route=%2Fwp%2Fv2%2Fmedia&parent=50"}],"curies":[{"name":"wp","href":"https:\/\/api.w.org\/{rel}","templated":true}]}}